{"id":26,"date":"2025-07-08T13:39:57","date_gmt":"2025-07-08T11:39:57","guid":{"rendered":"http:\/\/www.areass.cz\/?page_id=26"},"modified":"2025-07-08T14:02:09","modified_gmt":"2025-07-08T12:02:09","slug":"bredo","status":"publish","type":"page","link":"http:\/\/www.areass.cz\/index.php\/bredo\/","title":{"rendered":"Bredo, a.s."},"content":{"rendered":"\n<p>Spole\u010dnost <strong>Bredo, a.s.<\/strong>, se s\u00eddlem Praha 6, P\u0159edvoje 449, PS\u010c 16200, I\u010cO 272 41 866, spisov\u00e1 zna\u010dka B 9937 veden\u00e1 u M\u011bstsk\u00e9ho soudu v Praze\u00a0(d\u00e1le t\u00e9\u017e jen \u201e<em><strong>Bredo, a.s.<\/strong><\/em>\u201c nebo jen \u201e<em><strong>Zanikaj\u00edc\u00ed spole\u010dnost<\/strong><\/em>\u201c nebo t\u00e9\u017e jen \u201e<em><strong>Spole\u010dnost<\/strong><\/em>\u201c),<\/p>\n\n\n\n<div data-wp-interactive=\"core\/file\" class=\"wp-block-file\"><object data-wp-bind--hidden=\"!state.hasPdfPreview\" hidden class=\"wp-block-file__embed\" data=\"http:\/\/www.areass.cz\/wp-content\/uploads\/2025\/07\/vypis-BREDO-2025.pdf\" type=\"application\/pdf\" style=\"width:100%;height:600px\" aria-label=\"Vlo\u017eit z vypis-BREDO 2025.\"><\/object><a id=\"wp-block-file--media-3916b69e-aa9b-478e-963c-cba9b1770222\" href=\"http:\/\/www.areass.cz\/wp-content\/uploads\/2025\/07\/vypis-BREDO-2025.pdf\">vypis-BREDO 2025<\/a><a href=\"http:\/\/www.areass.cz\/wp-content\/uploads\/2025\/07\/vypis-BREDO-2025.pdf\" class=\"wp-block-file__button wp-element-button\" download aria-describedby=\"wp-block-file--media-3916b69e-aa9b-478e-963c-cba9b1770222\">St\u00e1hnout<\/a><\/div>\n\n\n\n<div data-wp-interactive=\"core\/file\" class=\"wp-block-file\"><object data-wp-bind--hidden=\"!state.hasPdfPreview\" hidden class=\"wp-block-file__embed\" data=\"http:\/\/www.areass.cz\/wp-content\/uploads\/2025\/07\/02_Bredo-a.s.-upozorneni-do-sbirky-listin_na-WEB2543254.1.pdf\" type=\"application\/pdf\" style=\"width:100%;height:600px\" aria-label=\"Vlo\u017eit z 02_Bredo, a.s. - upozorne\u030cni\u0301 do sbi\u0301rky listin_na WEB(2543254.1).\"><\/object><a id=\"wp-block-file--media-958b1338-7099-4509-b8c5-c37c7fef74d4\" href=\"http:\/\/www.areass.cz\/wp-content\/uploads\/2025\/07\/02_Bredo-a.s.-upozorneni-do-sbirky-listin_na-WEB2543254.1.pdf\">02_Bredo, a.s. &#8211; upozorne\u030cni\u0301 do sbi\u0301rky listin_na WEB(2543254.1)<\/a><a href=\"http:\/\/www.areass.cz\/wp-content\/uploads\/2025\/07\/02_Bredo-a.s.-upozorneni-do-sbirky-listin_na-WEB2543254.1.pdf\" class=\"wp-block-file__button wp-element-button\" download aria-describedby=\"wp-block-file--media-958b1338-7099-4509-b8c5-c37c7fef74d4\">St\u00e1hnout<\/a><\/div>\n","protected":false},"excerpt":{"rendered":"<p>Spole\u010dnost Bredo, a.s., se s\u00eddlem Praha 6, P\u0159edvoje 449, PS\u010c 16200, I\u010cO 272 41 866, spisov\u00e1 zna\u010dka B 9937 veden\u00e1 u M\u011bstsk\u00e9ho soudu v Praze\u00a0(d\u00e1le t\u00e9\u017e jen \u201eBredo, a.s.\u201c nebo jen \u201eZanikaj\u00edc\u00ed spole\u010dnost\u201c nebo t\u00e9\u017e jen \u201eSpole\u010dnost\u201c),<\/p>\n","protected":false},"author":1,"featured_media":0,"parent":0,"menu_order":0,"comment_status":"closed","ping_status":"closed","template":"","meta":{"footnotes":""},"class_list":["post-26","page","type-page","status-publish","hentry"],"_links":{"self":[{"href":"http:\/\/www.areass.cz\/index.php\/wp-json\/wp\/v2\/pages\/26","targetHints":{"allow":["GET"]}}],"collection":[{"href":"http:\/\/www.areass.cz\/index.php\/wp-json\/wp\/v2\/pages"}],"about":[{"href":"http:\/\/www.areass.cz\/index.php\/wp-json\/wp\/v2\/types\/page"}],"author":[{"embeddable":true,"href":"http:\/\/www.areass.cz\/index.php\/wp-json\/wp\/v2\/users\/1"}],"replies":[{"embeddable":true,"href":"http:\/\/www.areass.cz\/index.php\/wp-json\/wp\/v2\/comments?post=26"}],"version-history":[{"count":6,"href":"http:\/\/www.areass.cz\/index.php\/wp-json\/wp\/v2\/pages\/26\/revisions"}],"predecessor-version":[{"id":39,"href":"http:\/\/www.areass.cz\/index.php\/wp-json\/wp\/v2\/pages\/26\/revisions\/39"}],"wp:attachment":[{"href":"http:\/\/www.areass.cz\/index.php\/wp-json\/wp\/v2\/media?parent=26"}],"curies":[{"name":"wp","href":"https:\/\/api.w.org\/{rel}","templated":true}]}}