{"id":2,"date":"2024-06-19T17:48:49","date_gmt":"2024-06-19T15:48:49","guid":{"rendered":"http:\/\/www.areass.cz\/?page_id=2"},"modified":"2025-07-02T16:18:28","modified_gmt":"2025-07-02T14:18:28","slug":"amr-group","status":"publish","type":"page","link":"http:\/\/www.areass.cz\/index.php\/amr-group\/","title":{"rendered":"AMR GROUP, a.s."},"content":{"rendered":"\n<p class=\"has-text-align-left\">Obchodn\u00ed firma: AMR GROUP, a.s.<br>S\u00eddlo: Na okraji 335\/42, Veleslav\u00edn, 162 00 Praha 6<br>Identifika\u010dn\u00ed \u010d\u00edslo: 281 97 101<br>Pr\u00e1vn\u00ed forma: Akciov\u00e1 spole\u010dnost<br><\/p>\n\n\n\n<p>P\u0159edm\u011bt podnik\u00e1n\u00ed: V\u00fdroba, obchod a slu\u017eby neuveden\u00e9 v p\u0159\u00edloh\u00e1ch 1 a\u017e 3 \u017eivnostensk\u00e9ho z\u00e1kona.<\/p>\n\n\n\n<blockquote class=\"wp-block-quote is-layout-flow wp-block-quote-is-layout-flow\"><cite><strong>Dokument ke sta\u017een\u00ed:<\/strong><\/cite><\/blockquote>\n\n\n\n<div data-wp-interactive=\"core\/file\" class=\"wp-block-file\"><object data-wp-bind--hidden=\"!state.hasPdfPreview\" hidden class=\"wp-block-file__embed\" data=\"https:\/\/www.areass.cz\/wp-content\/uploads\/2024\/06\/vypis-OR-AMR-GROUP.pdf\" type=\"application\/pdf\" style=\"width:100%;height:600px\" aria-label=\"Vlo\u017eit z vypis-OR-AMR-GROUP.\"><\/object><a id=\"wp-block-file--media-4e99c1b0-c2b4-46c5-9f6a-58609c534bca\" href=\"https:\/\/www.areass.cz\/wp-content\/uploads\/2024\/06\/vypis-OR-AMR-GROUP.pdf\">vypis-OR-AMR-GROUP<\/a><a href=\"https:\/\/www.areass.cz\/wp-content\/uploads\/2024\/06\/vypis-OR-AMR-GROUP.pdf\" class=\"wp-block-file__button wp-element-button\" download aria-describedby=\"wp-block-file--media-4e99c1b0-c2b4-46c5-9f6a-58609c534bca\">St\u00e1hnout<\/a><\/div>\n","protected":false},"excerpt":{"rendered":"<p>Obchodn\u00ed firma: AMR GROUP, a.s.S\u00eddlo: Na okraji 335\/42, Veleslav\u00edn, 162 00 Praha 6Identifika\u010dn\u00ed \u010d\u00edslo: 281 97 101Pr\u00e1vn\u00ed forma: Akciov\u00e1 spole\u010dnost P\u0159edm\u011bt podnik\u00e1n\u00ed: V\u00fdroba, obchod a slu\u017eby neuveden\u00e9 v p\u0159\u00edloh\u00e1ch 1 a\u017e 3 \u017eivnostensk\u00e9ho z\u00e1kona. Dokument ke sta\u017een\u00ed:<\/p>\n","protected":false},"author":1,"featured_media":0,"parent":0,"menu_order":1,"comment_status":"closed","ping_status":"closed","template":"","meta":{"footnotes":""},"class_list":["post-2","page","type-page","status-publish","hentry"],"_links":{"self":[{"href":"http:\/\/www.areass.cz\/index.php\/wp-json\/wp\/v2\/pages\/2","targetHints":{"allow":["GET"]}}],"collection":[{"href":"http:\/\/www.areass.cz\/index.php\/wp-json\/wp\/v2\/pages"}],"about":[{"href":"http:\/\/www.areass.cz\/index.php\/wp-json\/wp\/v2\/types\/page"}],"author":[{"embeddable":true,"href":"http:\/\/www.areass.cz\/index.php\/wp-json\/wp\/v2\/users\/1"}],"replies":[{"embeddable":true,"href":"http:\/\/www.areass.cz\/index.php\/wp-json\/wp\/v2\/comments?post=2"}],"version-history":[{"count":5,"href":"http:\/\/www.areass.cz\/index.php\/wp-json\/wp\/v2\/pages\/2\/revisions"}],"predecessor-version":[{"id":17,"href":"http:\/\/www.areass.cz\/index.php\/wp-json\/wp\/v2\/pages\/2\/revisions\/17"}],"wp:attachment":[{"href":"http:\/\/www.areass.cz\/index.php\/wp-json\/wp\/v2\/media?parent=2"}],"curies":[{"name":"wp","href":"https:\/\/api.w.org\/{rel}","templated":true}]}}