{"id":47,"date":"2025-07-08T14:13:47","date_gmt":"2025-07-08T12:13:47","guid":{"rendered":"http:\/\/www.areass.cz\/?page_id=47"},"modified":"2025-07-08T14:25:13","modified_gmt":"2025-07-08T12:25:13","slug":"a911","status":"publish","type":"page","link":"https:\/\/www.areass.cz\/index.php\/a911\/","title":{"rendered":"A 911, a.s."},"content":{"rendered":"\n<p><em>V\u00fdroba, obchod a slu\u017eby neuveden\u00e9 v p\u0159\u00edloh\u00e1ch 1 a\u017e 3 \u017eivnostensk\u00e9ho z\u00e1kona v<\/em><\/p>\n\n\n\n<p><em>rozsahu obor\u016f \u010dinnosti:<\/em><\/p>\n\n\n\n<p><em>&#8211; Zprost\u0159edkov\u00e1n\u00ed obchodu a slu\u017eeb;<\/em><\/p>\n\n\n\n<p><em>&#8211; Velkoobchod a maloobchod;<\/em><\/p>\n\n\n\n<p><em>&#8211; Poskytov\u00e1n\u00ed software, poradenstv\u00ed v oblasti informa\u010dn\u00edch technologi\u00ed,<\/em><\/p>\n\n\n\n<p><em>zpracov\u00e1n\u00ed dat, hostingov\u00e9 a souvisej\u00edc\u00ed \u010dinnosti a webov\u00e9 port\u00e1ly;<\/em><\/p>\n\n\n\n<p><em>&#8211; N\u00e1kup, prodej, spr\u00e1va a \u00fadr\u017eba nemovitost\u00ed;<\/em><\/p>\n\n\n\n<p><em>&#8211; Poradensk\u00e1 a konzulta\u010dn\u00ed \u010dinnost, zpracov\u00e1n\u00ed odborn\u00fdch studi\u00ed a posudk\u016f.<\/em><\/p>\n\n\n\n<div data-wp-interactive=\"core\/file\" class=\"wp-block-file\"><object data-wp-bind--hidden=\"!state.hasPdfPreview\" hidden class=\"wp-block-file__embed\" data=\"http:\/\/www.areass.cz\/wp-content\/uploads\/2025\/07\/vypis-A911-2025-1.pdf\" type=\"application\/pdf\" style=\"width:100%;height:600px\" aria-label=\"Vlo\u017eit z vypis-A911 2025.\"><\/object><a id=\"wp-block-file--media-e702922a-31d3-417e-8c5a-ca2fae258f20\" href=\"http:\/\/www.areass.cz\/wp-content\/uploads\/2025\/07\/vypis-A911-2025-1.pdf\">vypis-A911 2025<\/a><a href=\"http:\/\/www.areass.cz\/wp-content\/uploads\/2025\/07\/vypis-A911-2025-1.pdf\" class=\"wp-block-file__button wp-element-button\" download aria-describedby=\"wp-block-file--media-e702922a-31d3-417e-8c5a-ca2fae258f20\">St\u00e1hnout<\/a><\/div>\n","protected":false},"excerpt":{"rendered":"<p>V\u00fdroba, obchod a slu\u017eby neuveden\u00e9 v p\u0159\u00edloh\u00e1ch 1 a\u017e 3 \u017eivnostensk\u00e9ho z\u00e1kona v rozsahu obor\u016f \u010dinnosti: &#8211; Zprost\u0159edkov\u00e1n\u00ed obchodu a slu\u017eeb; &#8211; Velkoobchod a maloobchod; &#8211; Poskytov\u00e1n\u00ed software, poradenstv\u00ed v oblasti informa\u010dn\u00edch technologi\u00ed, zpracov\u00e1n\u00ed dat, hostingov\u00e9 a souvisej\u00edc\u00ed \u010dinnosti a webov\u00e9 port\u00e1ly; &#8211; N\u00e1kup, prodej, spr\u00e1va a \u00fadr\u017eba nemovitost\u00ed; &#8211; Poradensk\u00e1 a konzulta\u010dn\u00ed \u010dinnost, zpracov\u00e1n\u00ed [&hellip;]<\/p>\n","protected":false},"author":1,"featured_media":0,"parent":0,"menu_order":0,"comment_status":"closed","ping_status":"closed","template":"","meta":{"footnotes":""},"class_list":["post-47","page","type-page","status-publish","hentry"],"_links":{"self":[{"href":"https:\/\/www.areass.cz\/index.php\/wp-json\/wp\/v2\/pages\/47","targetHints":{"allow":["GET"]}}],"collection":[{"href":"https:\/\/www.areass.cz\/index.php\/wp-json\/wp\/v2\/pages"}],"about":[{"href":"https:\/\/www.areass.cz\/index.php\/wp-json\/wp\/v2\/types\/page"}],"author":[{"embeddable":true,"href":"https:\/\/www.areass.cz\/index.php\/wp-json\/wp\/v2\/users\/1"}],"replies":[{"embeddable":true,"href":"https:\/\/www.areass.cz\/index.php\/wp-json\/wp\/v2\/comments?post=47"}],"version-history":[{"count":5,"href":"https:\/\/www.areass.cz\/index.php\/wp-json\/wp\/v2\/pages\/47\/revisions"}],"predecessor-version":[{"id":69,"href":"https:\/\/www.areass.cz\/index.php\/wp-json\/wp\/v2\/pages\/47\/revisions\/69"}],"wp:attachment":[{"href":"https:\/\/www.areass.cz\/index.php\/wp-json\/wp\/v2\/media?parent=47"}],"curies":[{"name":"wp","href":"https:\/\/api.w.org\/{rel}","templated":true}]}}